{"id":536,"date":"2024-04-13T18:29:59","date_gmt":"2024-04-13T18:29:59","guid":{"rendered":"https:\/\/www.aa-nia.org\/bigbookconference\/?page_id=536"},"modified":"2026-03-23T02:25:01","modified_gmt":"2026-03-23T02:25:01","slug":"register","status":"publish","type":"page","link":"http:\/\/www.aa-nia.org\/bigbookconference\/","title":{"rendered":"NIA Big Book Conference"},"content":{"rendered":"<h1 style=\"text-align: center;\"><span style=\"color: #333333; font-family: Raleway, Helvetica, Arial, sans-serif; font-size: 2.5rem; font-weight: 600;\">2026 NIA Area 20 Big Book Conference<\/span><\/h1>\n<header>\n<h2 style=\"text-align: center;\">Hosted by District 11<\/h2>\n<h4 style=\"text-align: center;\"><strong>\u201cWe Were Reborn\u201d\u00a0<\/strong><\/h4>\n<p><a href=\"https:\/\/www.aa-nia.org\/bigbookconference\/register\/2026-nia-20-big-book-conference-flyer-en\/\" rel=\"attachment wp-att-695\"><img loading=\"lazy\" decoding=\"async\" class=\"alignnone size-medium wp-image-695\" src=\"http:\/\/www.aa-nia.org\/bigbookconference\/wp-content\/uploads\/2026\/03\/2026-NIA-20-Big-Book-Conference-Flyer-EN-232x300.png\" alt=\"\" width=\"232\" height=\"300\" srcset=\"http:\/\/www.aa-nia.org\/bigbookconference\/wp-content\/uploads\/2026\/03\/2026-NIA-20-Big-Book-Conference-Flyer-EN-232x300.png 232w, http:\/\/www.aa-nia.org\/bigbookconference\/wp-content\/uploads\/2026\/03\/2026-NIA-20-Big-Book-Conference-Flyer-EN-791x1024.png 791w, http:\/\/www.aa-nia.org\/bigbookconference\/wp-content\/uploads\/2026\/03\/2026-NIA-20-Big-Book-Conference-Flyer-EN-768x994.png 768w, http:\/\/www.aa-nia.org\/bigbookconference\/wp-content\/uploads\/2026\/03\/2026-NIA-20-Big-Book-Conference-Flyer-EN-1187x1536.png 1187w, http:\/\/www.aa-nia.org\/bigbookconference\/wp-content\/uploads\/2026\/03\/2026-NIA-20-Big-Book-Conference-Flyer-EN-1583x2048.png 1583w\" sizes=\"(max-width: 232px) 100vw, 232px\" \/><\/a><\/p>\n<p><strong><a href=\"https:\/\/www.aa-nia.org\/bigbookconference\/register\/2026-nia-20-big-book-conference-flyer-en-2\/\" target=\"_blank\" rel=\"attachment noopener wp-att-696\">Download PDF<\/a><\/strong><\/p>\n<p><strong>Date:<\/strong> Saturday, October 17, 2026<\/p>\n<\/header>\n<section class=\"event-details\">\n<p class=\"info-row\"><strong>Time:<\/strong> Doors open at 8:00 AM \u00b7 Speakers &amp; Panels from 9:00 AM \u2013 4:15 PM<\/p>\n<p class=\"info-row\"><strong>Location:<\/strong><br \/>\nMessiah Lutheran Church<br \/>\n&#8220;Faith&#8221; Entrance #3<br \/>\n25225 W Ivanhoe Rd<br \/>\nWauconda, IL 60084<\/p>\n<\/section>\n<section class=\"speakers\">\n<h3>Featured Speakers<\/h3>\n<ul>\n<li><strong>Harold L.<\/strong> \u2014 St. Louis, MO<\/li>\n<li><strong>Josh A.<\/strong> \u2014 Nowata, OK<\/li>\n<\/ul>\n<\/section>\n<section class=\"registration\">\n<h3>Registration Fees<\/h3>\n<ul>\n<li>Admission: $15<\/li>\n<li>Lunch: $15<\/li>\n<\/ul>\n<div id=\"customButton\"><a style=\"background-color: #3531ff; border: 1px solid #3531ff; text-shadow: 0 -1px #3531ff; display: inline-block; color: #ffffff; font-family: arial; font-size: 21px; font-weight: bold; margin: 0; padding: 5px 10px; text-decoration: none;\" href=\"https:\/\/ticketstripe.com\/NIA2026BIGBOOKCONFERENCE\" target=\"_top\" rel=\"noopener\">Register &amp; Pay by Card Online<\/a><\/div>\n<p>&nbsp;<\/p>\n<h4>By Mail<\/h4>\n<p>Make checks payable to: <strong>Northern IL Area Ltd.<\/strong><br \/>\nMail completed form and payment to:<br \/>\nNIA District 11 c\/o 2026 Big Book Conference<br \/>\nPO Box 6<br \/>\nMcHenry, IL 60051<\/p>\n<p><strong>Payment methods:<\/strong> Cash, Check, Zelle<\/p>\n<p><a href=\"http:\/\/www.aa-nia.org\/bigbookconference\/wp-content\/uploads\/2026\/03\/Zelle-QR-Code.png\" target=\"_blank\" rel=\"noopener\"><img loading=\"lazy\" decoding=\"async\" class=\"alignnone wp-image-699 size-medium\" src=\"http:\/\/www.aa-nia.org\/bigbookconference\/wp-content\/uploads\/2026\/03\/Zelle-QR-Code-201x300.png\" alt=\"\" width=\"201\" height=\"300\" srcset=\"http:\/\/www.aa-nia.org\/bigbookconference\/wp-content\/uploads\/2026\/03\/Zelle-QR-Code-201x300.png 201w, http:\/\/www.aa-nia.org\/bigbookconference\/wp-content\/uploads\/2026\/03\/Zelle-QR-Code.png 425w\" sizes=\"(max-width: 201px) 100vw, 201px\" \/><\/a><\/p>\n<p>If you send Zelle without a mail-in registration form, please email the following for each attendee to <a href=\"mailto:niabbc26@aa-nia-dist11.org\">niabbc26@aa-nia-dist11.org<\/a>:<br \/>\nFull Name, Address, City, State, Zip, Email, Phone. Specify AA, Alanon, Alateen, Guest, ASL, Dietary Restrictions for Lunch<\/p>\n<\/section>\n<section class=\"accessibility\">\n<h3>Accessibility<\/h3>\n<p>If ASL is needed, please contact the Accessibilities Chair at: <strong>224-605-1673<\/strong><\/p>\n<\/section>\n<section class=\"contact\">\n<h3>More Information &amp; Service Opportunities<\/h3>\n<p><strong>Email:<\/strong> <a href=\"mailto:niabbc26@aa-nia-dist11.org\">niabbc26@aa-nia-dist11.org<\/a><\/p>\n<p>&nbsp;<\/p>\n<\/section>\n<p>&nbsp;<\/p>\n<h1 style=\"text-align: center;\">Conferencia del Libro Grande del \u00c1rea 20 de NIA 2026<\/h1>\n<header>\n<h2 style=\"text-align: center;\">Organizado por el Distrito 11<\/h2>\n<h4 style=\"text-align: center;\"><strong>\u201cRenacimos\u201d\u00a0<\/strong><\/h4>\n<p><a href=\"http:\/\/www.aa-nia.org\/bigbookconference\/wp-content\/uploads\/2026\/03\/2026-NIA-20-Big-Book-Conference-Flyer-SP.png\" target=\"_blank\" rel=\"noopener\"><img loading=\"lazy\" decoding=\"async\" class=\"alignnone wp-image-698 size-medium\" src=\"http:\/\/www.aa-nia.org\/bigbookconference\/wp-content\/uploads\/2026\/03\/2026-NIA-20-Big-Book-Conference-Flyer-SP-232x300.png\" alt=\"\" width=\"232\" height=\"300\" srcset=\"http:\/\/www.aa-nia.org\/bigbookconference\/wp-content\/uploads\/2026\/03\/2026-NIA-20-Big-Book-Conference-Flyer-SP-232x300.png 232w, http:\/\/www.aa-nia.org\/bigbookconference\/wp-content\/uploads\/2026\/03\/2026-NIA-20-Big-Book-Conference-Flyer-SP-791x1024.png 791w, http:\/\/www.aa-nia.org\/bigbookconference\/wp-content\/uploads\/2026\/03\/2026-NIA-20-Big-Book-Conference-Flyer-SP-768x994.png 768w, http:\/\/www.aa-nia.org\/bigbookconference\/wp-content\/uploads\/2026\/03\/2026-NIA-20-Big-Book-Conference-Flyer-SP-1187x1536.png 1187w, http:\/\/www.aa-nia.org\/bigbookconference\/wp-content\/uploads\/2026\/03\/2026-NIA-20-Big-Book-Conference-Flyer-SP-1583x2048.png 1583w\" sizes=\"(max-width: 232px) 100vw, 232px\" \/><\/a><\/p>\n<p><strong><a href=\"https:\/\/www.aa-nia.org\/bigbookconference\/register\/2026-nia-20-big-book-conference-flyer-sp\/\" target=\"_blank\" rel=\"attachment noopener wp-att-697\">Download PDF<\/a><\/strong><\/p>\n<p><strong>Fecha:<\/strong> S\u00e1bado, 17 de octubre de 2026<\/p>\n<\/header>\n<section class=\"event-details\">\n<p class=\"info-row\"><strong>Horario:<\/strong> Las puertas abren a las 8:00 AM \u00b7 Oradores y paneles de 9:00 AM a 4:15 PM<\/p>\n<p class=\"info-row\"><strong>Ubicaci\u00f3n:<\/strong><br \/>\nMessiah Lutheran Church<br \/>\nEntrada \u201cFaith\u201d #3<br \/>\n25225 W Ivanhoe Rd<br \/>\nWauconda, IL 60084<\/p>\n<\/section>\n<section class=\"speakers\">\n<h3>Oradores Destacados<\/h3>\n<ul>\n<li><strong>Harold L.<\/strong> \u2014 St. Louis, MO<\/li>\n<li><strong>Josh A.<\/strong> \u2014 Nowata, OK<\/li>\n<\/ul>\n<\/section>\n<section class=\"registration\">\n<h3>Cuotas de Inscripci\u00f3n<\/h3>\n<ul>\n<li>Admisi\u00f3n: $15<\/li>\n<li>Almuerzo: $15<\/li>\n<\/ul>\n<p><a style=\"background-color: #3531ff; border: 1px solid #3531ff; text-shadow: 0 -1px #3531ff; display: inline-block; color: #ffffff; font-family: arial; font-size: 21px; font-weight: bold; margin: 0; padding: 5px 10px; text-decoration: none;\" href=\"https:\/\/ticketstripe.com\/NIA2026BIGBOOKCONFERENCE\" target=\"_top\" rel=\"noopener\"><strong class=\"Yjhzub\" data-sfc-root=\"c\" data-sfc-cb=\"\" data-processed=\"true\">Reg\u00edstrate y pagar con tarjeta en l\u00ednea<\/strong><\/a><\/p>\n<h4>Por Correo<\/h4>\n<p>Haga los cheques pagaderos a: <strong>Northern IL Area Ltd.<\/strong><br \/>\nEnv\u00ede el formulario completado y el pago a:<br \/>\nNIA District 11 c\/o 2026 Big Book Conference<br \/>\nPO Box 6<br \/>\nMcHenry, IL 60051<\/p>\n<p><strong>M\u00e9todos de pago:<\/strong> Efectivo, Cheque, Zelle<\/p>\n<p><a href=\"http:\/\/www.aa-nia.org\/bigbookconference\/wp-content\/uploads\/2026\/03\/Zelle-QR-CodeSP.png\" target=\"_blank\" rel=\"noopener\"><img loading=\"lazy\" decoding=\"async\" class=\"alignnone wp-image-700 size-medium\" src=\"http:\/\/www.aa-nia.org\/bigbookconference\/wp-content\/uploads\/2026\/03\/Zelle-QR-CodeSP-205x300.png\" alt=\"\" width=\"205\" height=\"300\" srcset=\"http:\/\/www.aa-nia.org\/bigbookconference\/wp-content\/uploads\/2026\/03\/Zelle-QR-CodeSP-205x300.png 205w, http:\/\/www.aa-nia.org\/bigbookconference\/wp-content\/uploads\/2026\/03\/Zelle-QR-CodeSP.png 273w\" sizes=\"(max-width: 205px) 100vw, 205px\" \/><\/a><\/p>\n<style>\na {<br \/>    text-decoration: none;<br \/>    color: #464feb;<br \/>}<br \/>tr th, tr td {<br \/>    border: 1px solid #e6e6e6;<br \/>}<br \/>tr th {<br \/>    background-color: #f5f5f5;<br \/>}<br \/><\/style>\n<div><\/div>\n<div>Si env\u00eda Zelle sin un formulario de inscripci\u00f3n por correo, por favor env\u00ede un correo electr\u00f3nico con la siguiente informaci\u00f3n para cada asistente a <a href=\"mailto:niabbc26@aa-nia-dist11.org\">niabbc26@aa-nia-dist11.org<\/a>:<\/div>\n<\/section>\n<div>Nombre completo, direcci\u00f3n, ciudad, estado, c\u00f3digo postal, correo electr\u00f3nico y n\u00famero de tel\u00e9fono. Especifique: AA, Al\u2011Anon, Alateen, Invitado, ASL, restricciones diet\u00e9ticas para el almuerzo.<\/div>\n<div><\/div>\n<section class=\"accessibility\">\n<h3>Accesibilidad<\/h3>\n<p>Si necesita ASL \/ Lenguaje de Se\u00f1as, comun\u00edquese con la Presidencia de Accesibilidades al: <strong>224-605-1673<\/strong><\/p>\n<\/section>\n<section class=\"contact\">\n<h3>M\u00e1s Informaci\u00f3n y Oportunidades de Servicio<\/h3>\n<p><strong>Correo electr\u00f3nico:<\/strong> <a href=\"mailto:niabbc26@aa-nia-dist11.org\">niabbc26@aa-nia-dist11.org<\/a><\/p>\n<\/section>\n","protected":false},"excerpt":{"rendered":"<p>2026 NIA Area 20 Big Book Conference Hosted by District 11 \u201cWe Were Reborn\u201d\u00a0 Download PDF Date: Saturday, October 17, 2026 Time: Doors open at 8:00 AM \u00b7 Speakers &amp; &#8230;<\/p>\n","protected":false},"author":1,"featured_media":695,"parent":0,"menu_order":0,"comment_status":"closed","ping_status":"closed","template":"","meta":{"footnotes":""},"yoast_head":"<!-- This site is optimized with the Yoast SEO plugin v22.4 - https:\/\/yoast.com\/wordpress\/plugins\/seo\/ -->\n<title>NIA Big Book Conference - October 17th, 2026<\/title>\n<meta name=\"description\" content=\"Attend the 2026 NIA Area 20 Big Book Conference on October 17 in Wauconda, IL. Hosted by District 11, the event features speakers, panels, food, and fellowship for all attendees.\" \/>\n<meta name=\"robots\" content=\"index, follow, max-snippet:-1, max-image-preview:large, max-video-preview:-1\" \/>\n<link rel=\"canonical\" href=\"http:\/\/www.aa-nia.org\/bigbookconference\/\" \/>\n<meta property=\"og:locale\" content=\"en_US\" \/>\n<meta property=\"og:type\" content=\"article\" \/>\n<meta property=\"og:title\" content=\"NIA Big Book Conference - October 17th, 2026\" \/>\n<meta property=\"og:description\" content=\"Attend the 2026 NIA Area 20 Big Book Conference on October 17 in Wauconda, IL. Hosted by District 11, the event features speakers, panels, food, and fellowship for all attendees.\" \/>\n<meta property=\"og:url\" content=\"http:\/\/www.aa-nia.org\/bigbookconference\/\" \/>\n<meta property=\"og:site_name\" content=\"NIA 20 Big Book Conference\" \/>\n<meta property=\"article:modified_time\" content=\"2026-03-23T02:25:01+00:00\" \/>\n<meta property=\"og:image\" content=\"http:\/\/www.aa-nia.org\/bigbookconference\/wp-content\/uploads\/2026\/03\/2026-NIA-20-Big-Book-Conference-Flyer-EN-791x1024.png\" \/>\n\t<meta property=\"og:image:width\" content=\"791\" \/>\n\t<meta property=\"og:image:height\" content=\"1024\" \/>\n\t<meta property=\"og:image:type\" content=\"image\/png\" \/>\n<meta name=\"twitter:card\" content=\"summary_large_image\" \/>\n<meta name=\"twitter:label1\" content=\"Est. reading time\" \/>\n\t<meta name=\"twitter:data1\" content=\"3 minutes\" \/>\n<script type=\"application\/ld+json\" class=\"yoast-schema-graph\">{\"@context\":\"https:\/\/schema.org\",\"@graph\":[{\"@type\":\"WebPage\",\"@id\":\"http:\/\/www.aa-nia.org\/bigbookconference\/\",\"url\":\"http:\/\/www.aa-nia.org\/bigbookconference\/\",\"name\":\"NIA Big Book Conference - October 17th, 2026\",\"isPartOf\":{\"@id\":\"http:\/\/www.aa-nia.org\/bigbookconference\/#website\"},\"primaryImageOfPage\":{\"@id\":\"http:\/\/www.aa-nia.org\/bigbookconference\/#primaryimage\"},\"image\":{\"@id\":\"http:\/\/www.aa-nia.org\/bigbookconference\/#primaryimage\"},\"thumbnailUrl\":\"http:\/\/www.aa-nia.org\/bigbookconference\/wp-content\/uploads\/2026\/03\/2026-NIA-20-Big-Book-Conference-Flyer-EN.png\",\"datePublished\":\"2024-04-13T18:29:59+00:00\",\"dateModified\":\"2026-03-23T02:25:01+00:00\",\"description\":\"Attend the 2026 NIA Area 20 Big Book Conference on October 17 in Wauconda, IL. Hosted by District 11, the event features speakers, panels, food, and fellowship for all attendees.\",\"breadcrumb\":{\"@id\":\"http:\/\/www.aa-nia.org\/bigbookconference\/#breadcrumb\"},\"inLanguage\":\"en\",\"potentialAction\":[{\"@type\":\"ReadAction\",\"target\":[\"http:\/\/www.aa-nia.org\/bigbookconference\/\"]}]},{\"@type\":\"ImageObject\",\"inLanguage\":\"en\",\"@id\":\"http:\/\/www.aa-nia.org\/bigbookconference\/#primaryimage\",\"url\":\"http:\/\/www.aa-nia.org\/bigbookconference\/wp-content\/uploads\/2026\/03\/2026-NIA-20-Big-Book-Conference-Flyer-EN.png\",\"contentUrl\":\"http:\/\/www.aa-nia.org\/bigbookconference\/wp-content\/uploads\/2026\/03\/2026-NIA-20-Big-Book-Conference-Flyer-EN.png\",\"width\":2550,\"height\":3300},{\"@type\":\"BreadcrumbList\",\"@id\":\"http:\/\/www.aa-nia.org\/bigbookconference\/#breadcrumb\",\"itemListElement\":[{\"@type\":\"ListItem\",\"position\":1,\"name\":\"Home\",\"item\":\"http:\/\/www.aa-nia.org\/bigbookconference\/\"},{\"@type\":\"ListItem\",\"position\":2,\"name\":\"NIA Big Book Conference\"}]},{\"@type\":\"WebSite\",\"@id\":\"http:\/\/www.aa-nia.org\/bigbookconference\/#website\",\"url\":\"http:\/\/www.aa-nia.org\/bigbookconference\/\",\"name\":\"NIA 20 Big Book Conference\",\"description\":\"\",\"potentialAction\":[{\"@type\":\"SearchAction\",\"target\":{\"@type\":\"EntryPoint\",\"urlTemplate\":\"http:\/\/www.aa-nia.org\/bigbookconference\/?s={search_term_string}\"},\"query-input\":\"required name=search_term_string\"}],\"inLanguage\":\"en\"}]}<\/script>\n<!-- \/ Yoast SEO plugin. -->","yoast_head_json":{"title":"NIA Big Book Conference - October 17th, 2026","description":"Attend the 2026 NIA Area 20 Big Book Conference on October 17 in Wauconda, IL. Hosted by District 11, the event features speakers, panels, food, and fellowship for all attendees.","robots":{"index":"index","follow":"follow","max-snippet":"max-snippet:-1","max-image-preview":"max-image-preview:large","max-video-preview":"max-video-preview:-1"},"canonical":"http:\/\/www.aa-nia.org\/bigbookconference\/","og_locale":"en_US","og_type":"article","og_title":"NIA Big Book Conference - October 17th, 2026","og_description":"Attend the 2026 NIA Area 20 Big Book Conference on October 17 in Wauconda, IL. Hosted by District 11, the event features speakers, panels, food, and fellowship for all attendees.","og_url":"http:\/\/www.aa-nia.org\/bigbookconference\/","og_site_name":"NIA 20 Big Book Conference","article_modified_time":"2026-03-23T02:25:01+00:00","og_image":[{"width":791,"height":1024,"url":"http:\/\/www.aa-nia.org\/bigbookconference\/wp-content\/uploads\/2026\/03\/2026-NIA-20-Big-Book-Conference-Flyer-EN-791x1024.png","type":"image\/png"}],"twitter_card":"summary_large_image","twitter_misc":{"Est. reading time":"3 minutes"},"schema":{"@context":"https:\/\/schema.org","@graph":[{"@type":"WebPage","@id":"http:\/\/www.aa-nia.org\/bigbookconference\/","url":"http:\/\/www.aa-nia.org\/bigbookconference\/","name":"NIA Big Book Conference - October 17th, 2026","isPartOf":{"@id":"http:\/\/www.aa-nia.org\/bigbookconference\/#website"},"primaryImageOfPage":{"@id":"http:\/\/www.aa-nia.org\/bigbookconference\/#primaryimage"},"image":{"@id":"http:\/\/www.aa-nia.org\/bigbookconference\/#primaryimage"},"thumbnailUrl":"http:\/\/www.aa-nia.org\/bigbookconference\/wp-content\/uploads\/2026\/03\/2026-NIA-20-Big-Book-Conference-Flyer-EN.png","datePublished":"2024-04-13T18:29:59+00:00","dateModified":"2026-03-23T02:25:01+00:00","description":"Attend the 2026 NIA Area 20 Big Book Conference on October 17 in Wauconda, IL. Hosted by District 11, the event features speakers, panels, food, and fellowship for all attendees.","breadcrumb":{"@id":"http:\/\/www.aa-nia.org\/bigbookconference\/#breadcrumb"},"inLanguage":"en","potentialAction":[{"@type":"ReadAction","target":["http:\/\/www.aa-nia.org\/bigbookconference\/"]}]},{"@type":"ImageObject","inLanguage":"en","@id":"http:\/\/www.aa-nia.org\/bigbookconference\/#primaryimage","url":"http:\/\/www.aa-nia.org\/bigbookconference\/wp-content\/uploads\/2026\/03\/2026-NIA-20-Big-Book-Conference-Flyer-EN.png","contentUrl":"http:\/\/www.aa-nia.org\/bigbookconference\/wp-content\/uploads\/2026\/03\/2026-NIA-20-Big-Book-Conference-Flyer-EN.png","width":2550,"height":3300},{"@type":"BreadcrumbList","@id":"http:\/\/www.aa-nia.org\/bigbookconference\/#breadcrumb","itemListElement":[{"@type":"ListItem","position":1,"name":"Home","item":"http:\/\/www.aa-nia.org\/bigbookconference\/"},{"@type":"ListItem","position":2,"name":"NIA Big Book Conference"}]},{"@type":"WebSite","@id":"http:\/\/www.aa-nia.org\/bigbookconference\/#website","url":"http:\/\/www.aa-nia.org\/bigbookconference\/","name":"NIA 20 Big Book Conference","description":"","potentialAction":[{"@type":"SearchAction","target":{"@type":"EntryPoint","urlTemplate":"http:\/\/www.aa-nia.org\/bigbookconference\/?s={search_term_string}"},"query-input":"required name=search_term_string"}],"inLanguage":"en"}]}},"_links":{"self":[{"href":"http:\/\/www.aa-nia.org\/bigbookconference\/wp-json\/wp\/v2\/pages\/536"}],"collection":[{"href":"http:\/\/www.aa-nia.org\/bigbookconference\/wp-json\/wp\/v2\/pages"}],"about":[{"href":"http:\/\/www.aa-nia.org\/bigbookconference\/wp-json\/wp\/v2\/types\/page"}],"author":[{"embeddable":true,"href":"http:\/\/www.aa-nia.org\/bigbookconference\/wp-json\/wp\/v2\/users\/1"}],"replies":[{"embeddable":true,"href":"http:\/\/www.aa-nia.org\/bigbookconference\/wp-json\/wp\/v2\/comments?post=536"}],"version-history":[{"count":99,"href":"http:\/\/www.aa-nia.org\/bigbookconference\/wp-json\/wp\/v2\/pages\/536\/revisions"}],"predecessor-version":[{"id":714,"href":"http:\/\/www.aa-nia.org\/bigbookconference\/wp-json\/wp\/v2\/pages\/536\/revisions\/714"}],"wp:featuredmedia":[{"embeddable":true,"href":"http:\/\/www.aa-nia.org\/bigbookconference\/wp-json\/wp\/v2\/media\/695"}],"wp:attachment":[{"href":"http:\/\/www.aa-nia.org\/bigbookconference\/wp-json\/wp\/v2\/media?parent=536"}],"curies":[{"name":"wp","href":"https:\/\/api.w.org\/{rel}","templated":true}]}}